{"id":2,"date":"2024-03-12T21:35:18","date_gmt":"2024-03-12T20:35:18","guid":{"rendered":"http:\/\/anetapliszka.com\/?page_id=2"},"modified":"2024-04-07T02:41:19","modified_gmt":"2024-04-07T00:41:19","slug":"o_mnie","status":"publish","type":"page","link":"https:\/\/anetapliszka.com\/index.php\/o_mnie\/","title":{"rendered":"Aneta Pliszka"},"content":{"rendered":"\n<div class=\"wp-block-cover alignfull has-custom-content-position is-position-top-center\" style=\"min-height:190px;aspect-ratio:unset;\"><span aria-hidden=\"true\" class=\"wp-block-cover__background has-background-dim-0 has-background-dim\"><\/span><img loading=\"lazy\" decoding=\"async\" width=\"1024\" height=\"1536\" class=\"wp-block-cover__image-background wp-image-151\" alt=\"\" src=\"http:\/\/anetapliszka.com\/wp-content\/uploads\/2024\/03\/SD_06-A.-Pliszka-fotografia-2010.jpg\" style=\"object-position:41% 43%\" data-object-fit=\"cover\" data-object-position=\"41% 43%\" srcset=\"https:\/\/anetapliszka.com\/wp-content\/uploads\/2024\/03\/SD_06-A.-Pliszka-fotografia-2010.jpg 1024w, https:\/\/anetapliszka.com\/wp-content\/uploads\/2024\/03\/SD_06-A.-Pliszka-fotografia-2010-200x300.jpg 200w, https:\/\/anetapliszka.com\/wp-content\/uploads\/2024\/03\/SD_06-A.-Pliszka-fotografia-2010-683x1024.jpg 683w, https:\/\/anetapliszka.com\/wp-content\/uploads\/2024\/03\/SD_06-A.-Pliszka-fotografia-2010-768x1152.jpg 768w\" sizes=\"auto, (max-width: 1024px) 100vw, 1024px\" \/><div class=\"wp-block-cover__inner-container is-layout-flow wp-block-cover-is-layout-flow\">\n<p class=\"has-text-align-center has-large-font-size\"><\/p>\n<\/div><\/div>\n\n\n\n<p>Inspiracj\u0105 dla mojej tw\u00f3rczo\u015bci jest natura, stanowi\u0105ca nieod\u0142\u0105czny element naszej rzeczywisto\u015bci. <br>Chcia\u0142abym zwr\u00f3ci\u0107 uwag\u0119 odbiorc\u00f3w na bogactwo form i struktur, sk\u0142adaj\u0105cych si\u0119 na niesamowite spektakle przyrody, kt\u00f3re zachwycaj\u0105 zar\u00f3wno swoj\u0105 pot\u0119g\u0105, jak i efemeryczno\u015bci\u0105. T\u0119 ulotno\u015b\u0107 staram si\u0119 pochwyci\u0107, utrwalaj\u0105c zaobserwowane w naturze kompozycje przy pomocy fotografii. Nast\u0119pnie, na podstawie wykonanych zdj\u0119\u0107, wykrawam w linoleum matryce, kt\u00f3re odciskam na papierze. Tak uzyskana linorytowa odbitka staje si\u0119 dla mnie osobistym zapisem unikalnej chwili spotkania z pi\u0119knem i tajemnic\u0105 przyrody.<style>p { text-indent: 30px; }<\/style><\/p>\n\n\n\n<p>Ornamenty, w jakie bez niczyjego udzia\u0142u uk\u0142adaj\u0105 si\u0119 ro\u015bliny, pod pozorn\u0105 powtarzalno\u015bci\u0105 skrywaj\u0105 niezwyk\u0142\u0105 r\u00f3\u017cnorodno\u015b\u0107. Nie istniej\u0105 w przyrodzie dwa identyczne li\u015bcie. W swoich pracach staram si\u0119 wyzyska\u0107 napi\u0119cie pomi\u0119dzy tym, co jednorazowe i powtarzalne, organiczne i mechaniczne, naturalne i wytworzone przez cz\u0142owieka, odczuwane bezpo\u015brednio i w spos\u00f3b zapo\u015bredniczony przez rozmaite techniki przekazu. <br>\u015awiadomie si\u0119gam po niepopularn\u0105 we wsp\u00f3\u0142czesnym \u015bwiecie sztuki, opart\u0105 na rzemio\u015ble, technik\u0119 linorytu. Odci\u015bni\u0119te przy pomocy r\u0119cznie \u017c\u0142obionych matryc unikatowe odbitki, traktuj\u0119 jako przeciwie\u0144stwo kopii uzyskiwanych dzi\u0119ki technikom druku, stosowanym na skal\u0119 przemys\u0142ow\u0105.<\/p>\n\n\n\n<p>Aparat fotograficzny pozwala w spos\u00f3b mechaniczny zatrzyma\u0107 dowoln\u0105 chwil\u0119 naturalnego cyklu nieustannej przemiany. Zarejestrowany obraz mo\u017cna analizowa\u0107 dowolnie d\u0142ugo, w dowolnym powi\u0119kszeniu.<br> Fotografia jako po\u015brednik pomi\u0119dzy wci\u0105\u017c nieoswojon\u0105 natur\u0105, a obcuj\u0105cym z ni\u0105 cz\u0142owiekiem, staje si\u0119 przed\u0142u\u017ceniem jego funkcji poznawczych i pami\u0119ciowych. Nie tylko utrwala to, co przemijalne, ale tak\u017ce przybli\u017ca do podgl\u0105danych zjawisk przyrodniczych, umo\u017cliwiaj\u0105c ich wnikliwsz\u0105 i dok\u0142adniejsz\u0105 analiz\u0119. Powolny proces r\u0119cznego \u017c\u0142obienia wzoru w matrycy odpowiada skomplikowanemu, wieloetapowemu procesowi ludzkiego poznania <br>i przetwarzania w umy\u015ble tego, co zmys\u0142owo postrzegane. Odcisk, jaki zostaje uzyskany na papierze, staje si\u0119 materialnym \u015bladem intensywno\u015bci prze\u017cytego do\u015bwiadczenia, obrazem pi\u0119tna odci\u015bni\u0119tego na wyobra\u017ani spotykaj\u0105cego si\u0119 z natur\u0105 cz\u0142owieka. Zastosowana technika pozwala \u00f3w \u015blad przekaza\u0107 innym jako \u015bwiadectwo niezwykle osobistego i dojmuj\u0105cego kontaktu z si\u0142ami przyrody.<\/p>\n\n\n\n<p>Chcia\u0142abym, aby moje prace zach\u0119ci\u0142y odbiorc\u00f3w do w\u0142asnych do\u015bwiadcze\u0144, inspiruj\u0105c ich do uwa\u017cno\u015bci i dba\u0142o\u015bci o wsp\u00f3lne \u015brodowisko. Zwracaj\u0105c uwag\u0119 na pozornie nieistotny detal, drobny wycinek rzeczywisto\u015bci, uzyska\u0107 mo\u017cemy unikalny wgl\u0105d w harmonijn\u0105 budow\u0119 wszech\u015bwiata, kt\u00f3rego struktura objawia si\u0119 w analogicznych formach zar\u00f3wno w tym, co niesko\u0144czenie wielkie, jak i niesko\u0144czenie ma\u0142e. Wymagaj\u0105ce odpowiedniej cierpliwo\u015bci i czujno\u015bci\u00a0obcowanie z nieograniczonym\u00a0bogactwem naturalnych kszta\u0142t\u00f3w uczy tego, czego we wsp\u00f3\u0142czesnej cywilizacji\u00a0tak cz\u0119sto cz\u0142owiekowi brakuje: pokory i czu\u0142ego spojrzenia na wszystko to, co bezpo\u015brednio nas otacza.<\/p>\n\n\n\n<p>Aneta Pliszka<\/p>\n","protected":false},"excerpt":{"rendered":"<p>Inspiracj\u0105 dla mojej tw\u00f3rczo\u015bci jest natura, stanowi\u0105ca nieod\u0142\u0105czny element naszej rzeczywisto\u015bci. Chcia\u0142abym zwr\u00f3ci\u0107 uwag\u0119 odbiorc\u00f3w na bogactwo form i struktur, sk\u0142adaj\u0105cych si\u0119 na niesamowite spektakle przyrody, kt\u00f3re zachwycaj\u0105 zar\u00f3wno swoj\u0105 pot\u0119g\u0105, jak i efemeryczno\u015bci\u0105. T\u0119 ulotno\u015b\u0107 staram si\u0119 pochwyci\u0107, utrwalaj\u0105c zaobserwowane w naturze kompozycje przy pomocy fotografii. Nast\u0119pnie, na podstawie wykonanych zdj\u0119\u0107, wykrawam w linoleum [&hellip;]<\/p>\n","protected":false},"author":1,"featured_media":56,"parent":0,"menu_order":0,"comment_status":"closed","ping_status":"open","template":"","meta":{"footnotes":""},"class_list":["post-2","page","type-page","status-publish","has-post-thumbnail","hentry"],"_links":{"self":[{"href":"https:\/\/anetapliszka.com\/index.php\/wp-json\/wp\/v2\/pages\/2","targetHints":{"allow":["GET"]}}],"collection":[{"href":"https:\/\/anetapliszka.com\/index.php\/wp-json\/wp\/v2\/pages"}],"about":[{"href":"https:\/\/anetapliszka.com\/index.php\/wp-json\/wp\/v2\/types\/page"}],"author":[{"embeddable":true,"href":"https:\/\/anetapliszka.com\/index.php\/wp-json\/wp\/v2\/users\/1"}],"replies":[{"embeddable":true,"href":"https:\/\/anetapliszka.com\/index.php\/wp-json\/wp\/v2\/comments?post=2"}],"version-history":[{"count":15,"href":"https:\/\/anetapliszka.com\/index.php\/wp-json\/wp\/v2\/pages\/2\/revisions"}],"predecessor-version":[{"id":574,"href":"https:\/\/anetapliszka.com\/index.php\/wp-json\/wp\/v2\/pages\/2\/revisions\/574"}],"wp:featuredmedia":[{"embeddable":true,"href":"https:\/\/anetapliszka.com\/index.php\/wp-json\/wp\/v2\/media\/56"}],"wp:attachment":[{"href":"https:\/\/anetapliszka.com\/index.php\/wp-json\/wp\/v2\/media?parent=2"}],"curies":[{"name":"wp","href":"https:\/\/api.w.org\/{rel}","templated":true}]}}