{"id":175,"date":"2024-03-14T22:59:07","date_gmt":"2024-03-14T21:59:07","guid":{"rendered":"http:\/\/anetapliszka.com\/?page_id=175"},"modified":"2024-04-05T01:06:09","modified_gmt":"2024-04-04T23:06:09","slug":"biografia","status":"publish","type":"page","link":"https:\/\/anetapliszka.com\/index.php\/biografia\/","title":{"rendered":"Biografia"},"content":{"rendered":"\n<div style=\"height:46px\" aria-hidden=\"true\" class=\"wp-block-spacer\"><\/div>\n\n\n\n<div class=\"wp-block-columns alignwide is-layout-flex wp-container-core-columns-is-layout-9d6595d7 wp-block-columns-is-layout-flex\">\n<div class=\"wp-block-column is-layout-flow wp-block-column-is-layout-flow\" style=\"flex-basis:21%\"><\/div>\n\n\n\n<div class=\"wp-block-column is-vertically-aligned-bottom is-layout-flow wp-block-column-is-layout-flow\" style=\"flex-basis:70%\">\n<p>Biografia<\/p>\n<\/div>\n<\/div>\n\n\n\n<div class=\"wp-block-columns alignwide are-vertically-aligned-top is-layout-flex wp-container-core-columns-is-layout-9d6595d7 wp-block-columns-is-layout-flex\">\n<div class=\"wp-block-column is-vertically-aligned-top is-layout-flow wp-block-column-is-layout-flow\" style=\"flex-basis:21%\"><div class=\"wp-block-image is-style-default\">\n<figure class=\"aligncenter size-full is-resized\"><img loading=\"lazy\" decoding=\"async\" width=\"1137\" height=\"1563\" src=\"http:\/\/anetapliszka.com\/wp-content\/uploads\/2024\/03\/Aneta-Pliszka-Fot.-Narcyz-Piorecki-m-e1710360523799.jpg\" alt=\"\" class=\"wp-image-56\" style=\"width:193px;height:auto\" srcset=\"https:\/\/anetapliszka.com\/wp-content\/uploads\/2024\/03\/Aneta-Pliszka-Fot.-Narcyz-Piorecki-m-e1710360523799.jpg 1137w, https:\/\/anetapliszka.com\/wp-content\/uploads\/2024\/03\/Aneta-Pliszka-Fot.-Narcyz-Piorecki-m-e1710360523799-218x300.jpg 218w, https:\/\/anetapliszka.com\/wp-content\/uploads\/2024\/03\/Aneta-Pliszka-Fot.-Narcyz-Piorecki-m-e1710360523799-745x1024.jpg 745w, https:\/\/anetapliszka.com\/wp-content\/uploads\/2024\/03\/Aneta-Pliszka-Fot.-Narcyz-Piorecki-m-e1710360523799-768x1056.jpg 768w, https:\/\/anetapliszka.com\/wp-content\/uploads\/2024\/03\/Aneta-Pliszka-Fot.-Narcyz-Piorecki-m-e1710360523799-1117x1536.jpg 1117w\" sizes=\"auto, (max-width: 1137px) 100vw, 1137px\" \/><\/figure>\n<\/div><\/div>\n\n\n\n<div class=\"wp-block-column is-vertically-aligned-top is-layout-flow wp-block-column-is-layout-flow\" style=\"flex-basis:70%\">\n<p>Urodzona w 1978 roku w Bia\u0142ej Podlaskiej. Studia na Wydziale Artystycznym Instytutu Sztuk Pi\u0119knych Uniwersytetu Marii Curie-Sk\u0142odowskiej w Lublinie. <br>Dyplom w 2003 r., w pracowni druku wypuk\u0142ego prof. Maksymiliana Snocha oraz aneks z fotografii w pracowni prof. Ireny Nawrot-Trzci\u0144skiej. <br>Instruktor grafiki warsztatowej i fotografii w Miejskim O\u015brodku Kultury w Mi\u0119dzyrzecu Podlaskim.<\/p>\n\n\n\n<p>    Tw\u00f3rczo\u015b\u0107 w zakresie grafiki warsztatowej, grafiki projektowej, rysunku, fotografii, realizacji obiekt\u00f3w przestrzennych.<\/p>\n\n\n\n<p>Mia\u0142a 11wystaw indywidualnych oraz bra\u0142a udzia\u0142 w ponad 40 wystawach zbiorowych w Polsce i za granic\u0105. Najwa\u017cniejsze z nich : <br>2002-Galeria ES Mi\u0119dzyrzec Podlaski (grafika, rysunek); <br>2006-Galeria TDK Tarnobrzeg (grafika, rysunek, fotografia); <br>2009- Galeria u Piotra Micha\u0142owskiego Arboretum Bolestraszyce (grafika); <br>2011- Galeria ES Mi\u0119dzyrzec Podlaski(grafika, rysunek); <br>2011-Centrum Kultury Grodzisk Mazowiecki (grafika, rysunek); Salon Muzyczny \u017byrard\u00f3w(grafika, rysunek); <br>2013-\u201eGaleria pod Sztrychem\u201d Bytom (grafika); <br>2015- Galeria TDK Tarnobrzeg(grafika); <br>2017 &#8211; Zamek Snina (S\u0142owacja) &#8211; SZTUKA POLSKA. Arty\u015bci w kr\u0119gu Arboretum, w Bolestraszycach (grafika);<br>2017 &#8211; BWA Kielce (grafika);<\/p>\n\n\n\n<p>Uczestniczka wielu mi\u0119dzynarodowych plener\u00f3w artystycznych.<\/p>\n<\/div>\n<\/div>\n","protected":false},"excerpt":{"rendered":"<p>Biografia Urodzona w 1978 roku w Bia\u0142ej Podlaskiej. Studia na Wydziale Artystycznym Instytutu Sztuk Pi\u0119knych Uniwersytetu Marii Curie-Sk\u0142odowskiej w Lublinie. Dyplom w 2003 r., w pracowni druku wypuk\u0142ego prof. Maksymiliana Snocha oraz aneks z fotografii w pracowni prof. Ireny Nawrot-Trzci\u0144skiej. Instruktor grafiki warsztatowej i fotografii w Miejskim O\u015brodku Kultury w Mi\u0119dzyrzecu Podlaskim. Tw\u00f3rczo\u015b\u0107 w zakresie [&hellip;]<\/p>\n","protected":false},"author":1,"featured_media":0,"parent":0,"menu_order":0,"comment_status":"closed","ping_status":"closed","template":"","meta":{"footnotes":""},"class_list":["post-175","page","type-page","status-publish","hentry"],"_links":{"self":[{"href":"https:\/\/anetapliszka.com\/index.php\/wp-json\/wp\/v2\/pages\/175","targetHints":{"allow":["GET"]}}],"collection":[{"href":"https:\/\/anetapliszka.com\/index.php\/wp-json\/wp\/v2\/pages"}],"about":[{"href":"https:\/\/anetapliszka.com\/index.php\/wp-json\/wp\/v2\/types\/page"}],"author":[{"embeddable":true,"href":"https:\/\/anetapliszka.com\/index.php\/wp-json\/wp\/v2\/users\/1"}],"replies":[{"embeddable":true,"href":"https:\/\/anetapliszka.com\/index.php\/wp-json\/wp\/v2\/comments?post=175"}],"version-history":[{"count":20,"href":"https:\/\/anetapliszka.com\/index.php\/wp-json\/wp\/v2\/pages\/175\/revisions"}],"predecessor-version":[{"id":561,"href":"https:\/\/anetapliszka.com\/index.php\/wp-json\/wp\/v2\/pages\/175\/revisions\/561"}],"wp:attachment":[{"href":"https:\/\/anetapliszka.com\/index.php\/wp-json\/wp\/v2\/media?parent=175"}],"curies":[{"name":"wp","href":"https:\/\/api.w.org\/{rel}","templated":true}]}}